{"id":34,"date":"2014-01-30T02:43:29","date_gmt":"2014-01-30T01:43:29","guid":{"rendered":"http:\/\/heiko-blum.de\/?page_id=34"},"modified":"2024-03-02T19:42:49","modified_gmt":"2024-03-02T18:42:49","slug":"home","status":"publish","type":"page","link":"https:\/\/heiko-blum.de\/","title":{"rendered":"Home"},"content":{"rendered":"<h2>Willkommen<\/h2>\n<h2>auf meiner <span style=\"color: #ff6600;\"><strong>&#8212;-&gt;Privaten&lt;&#8212;-<\/strong><\/span> Webseite .<\/h2>\n<p>diese Seite ist rein informativ, Sie k\u00f6nnen sich hier nicht anmelden und somit auch keine Kommentare abgeben..<\/p>\n<p>\u00a0<\/p>\n<blockquote>\n<p>PRIVATE Wetterseite<\/p>\n<\/blockquote>\n<p>zur <a href=\"https:\/\/heiko-blum.de\/weewx\/weewx\/\" target=\"_blank\" rel=\"noopener noreferrer\">Private Wetter Seite<\/a> Wetterseite ist nicht mehr im betrieb !!<\/p>\n\n\n<pre class=\"wp-block-preformatted\"><\/pre>\n","protected":false},"excerpt":{"rendered":"<p>Willkommen auf meiner &#8212;-&gt;Privaten&lt;&#8212;- Webseite . diese Seite ist rein informativ, Sie k\u00f6nnen sich hier nicht anmelden und somit auch keine Kommentare abgeben.. \u00a0 PRIVATE Wetterseite zur Private Wetter Seite Wetterseite ist nicht mehr im betrieb !!<\/p>\n","protected":false},"author":1,"featured_media":0,"parent":0,"menu_order":0,"comment_status":"closed","ping_status":"closed","template":"","meta":{"footnotes":""},"class_list":["post-34","page","type-page","status-publish","hentry"],"jetpack-related-posts":[{"id":535,"url":"https:\/\/heiko-blum.de\/?page_id=535","url_meta":{"origin":34,"position":0},"title":"Datenschutzerkl\u00e4rung","author":"Heiko","date":"14\/12\/2018","format":false,"excerpt":"","rel":"","context":"\u00c4hnlicher Beitrag","block_context":{"text":"\u00c4hnlicher Beitrag","link":""},"img":{"alt_text":"","src":"","width":0,"height":0},"classes":[]},{"id":733,"url":"https:\/\/heiko-blum.de\/?page_id=733","url_meta":{"origin":34,"position":1},"title":"Linux","author":"Heiko","date":"17\/01\/2020","format":false,"excerpt":"Habe jetzt MX Linux installiert. Und meiner Meinung nach viel besser als Ubuntu. Das Fr\u00fchere Ubuntu war noch toll aber Die Neuste Version gef\u00e4llt mir \u00fcberhaupt nicht , schon bei den kleinsten Sachen zum installieren, fangen die Probleme an . Ubuntu shell befehle SSH installierensudo apt-get install openssh-server Configsudo nano\u2026","rel":"","context":"\u00c4hnlicher Beitrag","block_context":{"text":"\u00c4hnlicher Beitrag","link":""},"img":{"alt_text":"","src":"https:\/\/i0.wp.com\/heiko-blum.de\/wp-content\/uploads\/2020\/01\/Screenshot_20191123-062828_Samsung-Internet.jpg?resize=350%2C200&ssl=1","width":350,"height":200,"srcset":"https:\/\/i0.wp.com\/heiko-blum.de\/wp-content\/uploads\/2020\/01\/Screenshot_20191123-062828_Samsung-Internet.jpg?resize=350%2C200&ssl=1 1x, https:\/\/i0.wp.com\/heiko-blum.de\/wp-content\/uploads\/2020\/01\/Screenshot_20191123-062828_Samsung-Internet.jpg?resize=525%2C300&ssl=1 1.5x, https:\/\/i0.wp.com\/heiko-blum.de\/wp-content\/uploads\/2020\/01\/Screenshot_20191123-062828_Samsung-Internet.jpg?resize=700%2C400&ssl=1 2x, https:\/\/i0.wp.com\/heiko-blum.de\/wp-content\/uploads\/2020\/01\/Screenshot_20191123-062828_Samsung-Internet.jpg?resize=1050%2C600&ssl=1 3x, https:\/\/i0.wp.com\/heiko-blum.de\/wp-content\/uploads\/2020\/01\/Screenshot_20191123-062828_Samsung-Internet.jpg?resize=1400%2C800&ssl=1 4x"},"classes":[]}],"jetpack_sharing_enabled":true,"_links":{"self":[{"href":"https:\/\/heiko-blum.de\/index.php?rest_route=\/wp\/v2\/pages\/34","targetHints":{"allow":["GET"]}}],"collection":[{"href":"https:\/\/heiko-blum.de\/index.php?rest_route=\/wp\/v2\/pages"}],"about":[{"href":"https:\/\/heiko-blum.de\/index.php?rest_route=\/wp\/v2\/types\/page"}],"author":[{"embeddable":true,"href":"https:\/\/heiko-blum.de\/index.php?rest_route=\/wp\/v2\/users\/1"}],"replies":[{"embeddable":true,"href":"https:\/\/heiko-blum.de\/index.php?rest_route=%2Fwp%2Fv2%2Fcomments&post=34"}],"version-history":[{"count":5,"href":"https:\/\/heiko-blum.de\/index.php?rest_route=\/wp\/v2\/pages\/34\/revisions"}],"predecessor-version":[{"id":725,"href":"https:\/\/heiko-blum.de\/index.php?rest_route=\/wp\/v2\/pages\/34\/revisions\/725"}],"wp:attachment":[{"href":"https:\/\/heiko-blum.de\/index.php?rest_route=%2Fwp%2Fv2%2Fmedia&parent=34"}],"curies":[{"name":"wp","href":"https:\/\/api.w.org\/{rel}","templated":true}]}}