{"id":567,"date":"2014-01-16T03:00:27","date_gmt":"2014-01-16T03:00:27","guid":{"rendered":"http:\/\/localhost\/wordpress-3.8\/wordpress\/?page_id=2"},"modified":"2020-01-04T00:16:51","modified_gmt":"2020-01-04T00:16:51","slug":"sample-page-2","status":"publish","type":"page","link":"https:\/\/heiko-blum.de\/?page_id=567","title":{"rendered":"Hobby"},"content":{"rendered":"<p>Elektronik &amp; Computer.Siehe Kategorien<\/p>\n<p><img loading=\"lazy\" decoding=\"async\" class=\"wp-image-714 alignnone size-full\" src=\"https:\/\/heiko-blum.de\/wp-content\/uploads\/2020\/01\/20191123_0906147978617048086266265-scaled.jpg\" width=\"1920\" height=\"2560\" srcset=\"https:\/\/heiko-blum.de\/wp-content\/uploads\/2020\/01\/20191123_0906147978617048086266265-scaled.jpg 1920w, https:\/\/heiko-blum.de\/wp-content\/uploads\/2020\/01\/20191123_0906147978617048086266265-225x300.jpg 225w, https:\/\/heiko-blum.de\/wp-content\/uploads\/2020\/01\/20191123_0906147978617048086266265-1350x1800.jpg 1350w, https:\/\/heiko-blum.de\/wp-content\/uploads\/2020\/01\/20191123_0906147978617048086266265-768x1024.jpg 768w, https:\/\/heiko-blum.de\/wp-content\/uploads\/2020\/01\/20191123_0906147978617048086266265-1152x1536.jpg 1152w, https:\/\/heiko-blum.de\/wp-content\/uploads\/2020\/01\/20191123_0906147978617048086266265-1536x2048.jpg 1536w, https:\/\/heiko-blum.de\/wp-content\/uploads\/2020\/01\/20191123_0906147978617048086266265-816x1088.jpg 816w, https:\/\/heiko-blum.de\/wp-content\/uploads\/2020\/01\/20191123_0906147978617048086266265-60x80.jpg 60w\" sizes=\"auto, (max-width: 1920px) 100vw, 1920px\" \/><\/p>\n","protected":false},"excerpt":{"rendered":"<p>Elektronik &amp; Computer.Siehe Kategorien<\/p>\n","protected":false},"author":1,"featured_media":0,"parent":34,"menu_order":0,"comment_status":"open","ping_status":"closed","template":"","meta":{"footnotes":""},"class_list":["post-567","page","type-page","status-publish","hentry"],"jetpack-related-posts":[{"id":32,"url":"https:\/\/heiko-blum.de\/?page_id=32","url_meta":{"origin":567,"position":0},"title":"Gaga","author":"Heiko","date":"30\/01\/2014","format":false,"excerpt":"","rel":"","context":"\u00c4hnlicher Beitrag","block_context":{"text":"\u00c4hnlicher Beitrag","link":""},"img":{"alt_text":"","src":"","width":0,"height":0},"classes":[]},{"id":10,"url":"https:\/\/heiko-blum.de\/?page_id=10","url_meta":{"origin":567,"position":1},"title":"Diverses","author":"Heiko","date":"16\/01\/2014","format":false,"excerpt":"","rel":"","context":"Mit 1 Kommentar","block_context":{"text":"Mit 1 Kommentar","link":"https:\/\/heiko-blum.de\/?page_id=10#comments"},"img":{"alt_text":"","src":"","width":0,"height":0},"classes":[]},{"id":334,"url":"https:\/\/heiko-blum.de\/?page_id=334","url_meta":{"origin":567,"position":2},"title":"IMPRESSUM","author":"Heiko","date":"30\/03\/2017","format":false,"excerpt":"www.Heiko-Blum.de Inhaber und Betreiber dieser Webseite Heiko Blum c\/o Block Services Stuttgarter Str. 106 70736 Fellbach Telefon\u00a0 \u00a0:\u00a0 02203 5697241 Fax\u00a0 \u00a0 \u00a0 \u00a0 \u00a0 :\u00a0 02203 5697194 @ \u00a0 \u00a0 \u00a0 \u00a0 \u00a0 \u00a0: serviceATwab-bewegung.de","rel":"","context":"\u00c4hnlicher Beitrag","block_context":{"text":"\u00c4hnlicher Beitrag","link":""},"img":{"alt_text":"","src":"","width":0,"height":0},"classes":[]},{"id":34,"url":"https:\/\/heiko-blum.de\/","url_meta":{"origin":567,"position":3},"title":"Home","author":"Heiko","date":"30\/01\/2014","format":false,"excerpt":"Willkommen auf meiner ---->Privaten<---- Webseite . diese Seite ist rein informativ, Sie k\u00f6nnen sich hier nicht anmelden und somit auch keine Kommentare abgeben.. \u00a0 PRIVATE Wetterseite zur Private Wetter Seite Wetterseite ist nicht mehr im betrieb !!","rel":"","context":"\u00c4hnlicher Beitrag","block_context":{"text":"\u00c4hnlicher Beitrag","link":""},"img":{"alt_text":"","src":"","width":0,"height":0},"classes":[]},{"id":733,"url":"https:\/\/heiko-blum.de\/?page_id=733","url_meta":{"origin":567,"position":4},"title":"Linux","author":"Heiko","date":"17\/01\/2020","format":false,"excerpt":"Habe jetzt MX Linux installiert. Und meiner Meinung nach viel besser als Ubuntu. Das Fr\u00fchere Ubuntu war noch toll aber Die Neuste Version gef\u00e4llt mir \u00fcberhaupt nicht , schon bei den kleinsten Sachen zum installieren, fangen die Probleme an . Ubuntu shell befehle SSH installierensudo apt-get install openssh-server Configsudo nano\u2026","rel":"","context":"\u00c4hnlicher Beitrag","block_context":{"text":"\u00c4hnlicher Beitrag","link":""},"img":{"alt_text":"","src":"https:\/\/i0.wp.com\/heiko-blum.de\/wp-content\/uploads\/2020\/01\/Screenshot_20191123-062828_Samsung-Internet.jpg?resize=350%2C200&ssl=1","width":350,"height":200,"srcset":"https:\/\/i0.wp.com\/heiko-blum.de\/wp-content\/uploads\/2020\/01\/Screenshot_20191123-062828_Samsung-Internet.jpg?resize=350%2C200&ssl=1 1x, https:\/\/i0.wp.com\/heiko-blum.de\/wp-content\/uploads\/2020\/01\/Screenshot_20191123-062828_Samsung-Internet.jpg?resize=525%2C300&ssl=1 1.5x, https:\/\/i0.wp.com\/heiko-blum.de\/wp-content\/uploads\/2020\/01\/Screenshot_20191123-062828_Samsung-Internet.jpg?resize=700%2C400&ssl=1 2x, https:\/\/i0.wp.com\/heiko-blum.de\/wp-content\/uploads\/2020\/01\/Screenshot_20191123-062828_Samsung-Internet.jpg?resize=1050%2C600&ssl=1 3x, https:\/\/i0.wp.com\/heiko-blum.de\/wp-content\/uploads\/2020\/01\/Screenshot_20191123-062828_Samsung-Internet.jpg?resize=1400%2C800&ssl=1 4x"},"classes":[]},{"id":535,"url":"https:\/\/heiko-blum.de\/?page_id=535","url_meta":{"origin":567,"position":5},"title":"Datenschutzerkl\u00e4rung","author":"Heiko","date":"14\/12\/2018","format":false,"excerpt":"","rel":"","context":"\u00c4hnlicher Beitrag","block_context":{"text":"\u00c4hnlicher Beitrag","link":""},"img":{"alt_text":"","src":"","width":0,"height":0},"classes":[]}],"jetpack_sharing_enabled":true,"_links":{"self":[{"href":"https:\/\/heiko-blum.de\/index.php?rest_route=\/wp\/v2\/pages\/567","targetHints":{"allow":["GET"]}}],"collection":[{"href":"https:\/\/heiko-blum.de\/index.php?rest_route=\/wp\/v2\/pages"}],"about":[{"href":"https:\/\/heiko-blum.de\/index.php?rest_route=\/wp\/v2\/types\/page"}],"author":[{"embeddable":true,"href":"https:\/\/heiko-blum.de\/index.php?rest_route=\/wp\/v2\/users\/1"}],"replies":[{"embeddable":true,"href":"https:\/\/heiko-blum.de\/index.php?rest_route=%2Fwp%2Fv2%2Fcomments&post=567"}],"version-history":[{"count":4,"href":"https:\/\/heiko-blum.de\/index.php?rest_route=\/wp\/v2\/pages\/567\/revisions"}],"predecessor-version":[{"id":718,"href":"https:\/\/heiko-blum.de\/index.php?rest_route=\/wp\/v2\/pages\/567\/revisions\/718"}],"up":[{"embeddable":true,"href":"https:\/\/heiko-blum.de\/index.php?rest_route=\/wp\/v2\/pages\/34"}],"wp:attachment":[{"href":"https:\/\/heiko-blum.de\/index.php?rest_route=%2Fwp%2Fv2%2Fmedia&parent=567"}],"curies":[{"name":"wp","href":"https:\/\/api.w.org\/{rel}","templated":true}]}}